{"id":1034,"date":"2018-08-14T10:24:27","date_gmt":"2018-08-14T10:24:27","guid":{"rendered":"https:\/\/urbango.edge-themes.com\/?page_id=1034"},"modified":"2024-03-02T12:10:27","modified_gmt":"2024-03-02T12:10:27","slug":"contact-us","status":"publish","type":"page","link":"https:\/\/directory.digitencia.com\/fr\/contact-us\/","title":{"rendered":"Contact Us"},"content":{"rendered":"<div class=\"edgtf-row-grid-section-wrapper edgtf-content-aligment-left\"  ><div class=\"edgtf-row-grid-section\"><div class=\"vc_row wpb_row vc_row-fluid vc_custom_1534321312697\" ><div class=\"wpb_column vc_column_container vc_col-sm-12\"><div class=\"vc_column-inner\"><div class=\"wpb_wrapper\"><div class=\"edgtf-elements-holder   edgtf-two-columns  edgtf-responsive-mode-1024 edgtf-one-column-alignment-left\" ><div class=\"edgtf-eh-item  edgtf-vertical-alignment-top  \"  data-item-class=\"edgtf-eh-custom-9162\" data-1367-1600=\"0 80px 0 0\" data-1025-1366=\"0 80px 0 0\" data-769-1024=\"0 0 0 0\" data-681-768=\"0 0 0 0\" data-680=\"0 0 0 0\">\n\t<div class=\"edgtf-eh-item-inner\">\n\t\t<div class=\"edgtf-eh-item-content edgtf-eh-custom-9162\" style=\"padding: 0 80px 0 0\">\n\t\t\t\n\t<div class=\"wpb_text_column wpb_content_element \" >\n\t\t<div class=\"wpb_wrapper\">\n\t\t\t<h4>Email:<a href=\"mailto:contact@directory.digitencia.com\"> contact@directory.digitencia.com<\/a><\/h4>\n\n\t\t<\/div>\n\t<\/div>\n<div class=\"vc_empty_space\"   style=\"height: 6px\"><span class=\"vc_empty_space_inner\"><\/span><\/div><div class=\"vc_empty_space\"   style=\"height: 31px\"><span class=\"vc_empty_space_inner\"><\/span><\/div>\n\t<div class=\"wpb_text_column wpb_content_element \" >\n\t\t<div class=\"wpb_wrapper\">\n\t\t\t<h4>Appel :<a href=\"tel:+212660831315\">+212 660-831315<\/a><\/h4>\n\n\t\t<\/div>\n\t<\/div>\n<div class=\"vc_empty_space\"   style=\"height: 6px\"><span class=\"vc_empty_space_inner\"><\/span><\/div><div class=\"vc_empty_space\"   style=\"height: 31px\"><span class=\"vc_empty_space_inner\"><\/span><\/div>\n\t<div class=\"wpb_text_column wpb_content_element \" >\n\t\t<div class=\"wpb_wrapper\">\n\t\t\t<h4>Adresses: RES BORJ MALAK R.SAFI IMB BUR13, Marrakech<\/h4>\n\n\t\t<\/div>\n\t<\/div>\n<div class=\"vc_empty_space\"   style=\"height: 6px\"><span class=\"vc_empty_space_inner\"><\/span><\/div><div class=\"vc_empty_space\"   style=\"height: 53px\"><span class=\"vc_empty_space_inner\"><\/span><\/div>\t\t<\/div>\n\t<\/div>\n<\/div><div class=\"edgtf-eh-item  edgtf-vertical-alignment-top  \"  data-item-class=\"edgtf-eh-custom-7630\" data-1367-1600=\"0 0 0 0\" data-1025-1366=\"0 0 0 0\" data-769-1024=\"0 0 19px 0\" data-681-768=\"0 0 19px 0\" data-680=\"0 0 19px 0\">\n\t<div class=\"edgtf-eh-item-inner\">\n\t\t<div class=\"edgtf-eh-item-content edgtf-eh-custom-7630\" style=\"padding: 0 0 0 0\">\n\t\t\t\n\t<div class=\"wpb_text_column wpb_content_element \" >\n\t\t<div class=\"wpb_wrapper\">\n\t\t\t<h4>Comment pouvons nous aider?<\/h4>\n\n\t\t<\/div>\n\t<\/div>\n<div class=\"vc_empty_space\"   style=\"height: 6px\"><span class=\"vc_empty_space_inner\"><\/span><\/div><div class=\"vc_empty_space\"   style=\"height: 55px\"><span class=\"vc_empty_space_inner\"><\/span><\/div>\n<div class=\"wpcf7 no-js\" id=\"wpcf7-f1050-o1\" lang=\"en-US\" dir=\"ltr\" data-wpcf7-id=\"1050\">\n<div class=\"screen-reader-response\"><p role=\"status\" aria-live=\"polite\" aria-atomic=\"true\"><\/p> <ul><\/ul><\/div>\n<form action=\"\/fr\/wp-json\/wp\/v2\/pages\/1034#wpcf7-f1050-o1\" method=\"post\" class=\"wpcf7-form init cf7_custom_style_1\" aria-label=\"Contact form\" novalidate=\"novalidate\" data-status=\"init\">\n<fieldset class=\"hidden-fields-container\"><input type=\"hidden\" name=\"_wpcf7\" value=\"1050\" \/><input type=\"hidden\" name=\"_wpcf7_version\" value=\"6.1.4\" \/><input type=\"hidden\" name=\"_wpcf7_locale\" value=\"en_US\" \/><input type=\"hidden\" name=\"_wpcf7_unit_tag\" value=\"wpcf7-f1050-o1\" \/><input type=\"hidden\" name=\"_wpcf7_container_post\" value=\"0\" \/><input type=\"hidden\" name=\"_wpcf7_posted_data_hash\" value=\"\" \/>\n<\/fieldset>\n<div class=\"edgtf-cf7-form-cs\">\n\t<p>Your Name (required)<br \/>\n<span class=\"wpcf7-form-control-wrap\" data-name=\"your-name\"><input size=\"40\" maxlength=\"400\" class=\"wpcf7-form-control wpcf7-text wpcf7-validates-as-required\" aria-required=\"true\" aria-invalid=\"false\" value=\"\" type=\"text\" name=\"your-name\" \/><\/span><br \/>\nYour Email (required)<br \/>\n<span class=\"wpcf7-form-control-wrap\" data-name=\"your-email\"><input size=\"40\" maxlength=\"400\" class=\"wpcf7-form-control wpcf7-email wpcf7-validates-as-required wpcf7-text wpcf7-validates-as-email\" aria-required=\"true\" aria-invalid=\"false\" value=\"\" type=\"email\" name=\"your-email\" \/><\/span><br \/>\nYour Message<br \/>\n<span class=\"wpcf7-form-control-wrap\" data-name=\"your-message\"><textarea cols=\"40\" rows=\"10\" maxlength=\"2000\" class=\"wpcf7-form-control wpcf7-textarea\" aria-invalid=\"false\" name=\"your-message\"><\/textarea><\/span>\n\t<\/p>\n\t<div style=\"margin-top: 35px;\">\n\t\t<p><input class=\"wpcf7-form-control wpcf7-submit has-spinner\" type=\"submit\" value=\"Send Message\" \/>\n\t\t<\/p>\n\t<\/div>\n<\/div><div class=\"wpcf7-response-output\" aria-hidden=\"true\"><\/div>\n<\/form>\n<\/div>\n\t\t<\/div>\n\t<\/div>\n<\/div><\/div><\/div><\/div><\/div><\/div><\/div><\/div>\n","protected":false},"excerpt":{"rendered":"Email: contact@directory.digitencia.com Appel :+212 660-831315 Adresses: RES BORJ MALAK R.SAFI IMB BUR13, Marrakech Comment pouvons nous aider? Your Name (required) Your Email (required) Your Message","protected":false},"author":1,"featured_media":0,"parent":0,"menu_order":0,"comment_status":"closed","ping_status":"closed","template":"full-width.php","meta":{"footnotes":""},"class_list":["post-1034","page","type-page","status-publish","hentry"],"yoast_head":"<!-- This site is optimized with the Yoast SEO plugin v26.8 - https:\/\/yoast.com\/product\/yoast-seo-wordpress\/ -->\n<title>Contactez-nous - Fintakol.ma: Votre Portail Culinaire au Maroc<\/title>\n<meta name=\"description\" content=\"Besoin d&#039;aide, de conseils ou simplement envie de nous faire part de vos commentaires? Contactez-nous d\u00e8s aujourd&#039;hui! L&#039;\u00e9quipe de Fintakol.ma est l\u00e0 pour r\u00e9pondre \u00e0 toutes vos questions et vous aider dans votre exploration culinaire \u00e0 travers le Maroc.\" \/>\n<meta name=\"robots\" content=\"index, follow, max-snippet:-1, max-image-preview:large, max-video-preview:-1\" \/>\n<link rel=\"canonical\" href=\"https:\/\/directory.digitencia.com\/fr\/contact-us\/\" \/>\n<meta property=\"og:locale\" content=\"fr_CA\" \/>\n<meta property=\"og:type\" content=\"article\" \/>\n<meta property=\"og:title\" content=\"Contactez-nous - Fintakol.ma: Votre Portail Culinaire au Maroc\" \/>\n<meta property=\"og:description\" content=\"Besoin d&#039;aide, de conseils ou simplement envie de nous faire part de vos commentaires? Contactez-nous d\u00e8s aujourd&#039;hui! L&#039;\u00e9quipe de Fintakol.ma est l\u00e0 pour r\u00e9pondre \u00e0 toutes vos questions et vous aider dans votre exploration culinaire \u00e0 travers le Maroc.\" \/>\n<meta property=\"og:url\" content=\"https:\/\/directory.digitencia.com\/fr\/contact-us\/\" \/>\n<meta property=\"og:site_name\" content=\"Fintakol\" \/>\n<meta property=\"article:publisher\" content=\"https:\/\/web.facebook.com\/people\/Naiily\/100084245676439\/\" \/>\n<meta property=\"article:modified_time\" content=\"2024-03-02T12:10:27+00:00\" \/>\n<meta name=\"twitter:card\" content=\"summary_large_image\" \/>\n<meta name=\"twitter:label1\" content=\"Estimation du temps de lecture\" \/>\n\t<meta name=\"twitter:data1\" content=\"1 minute\" \/>\n<script type=\"application\/ld+json\" class=\"yoast-schema-graph\">{\"@context\":\"https:\/\/schema.org\",\"@graph\":[{\"@type\":\"WebPage\",\"@id\":\"https:\/\/directory.digitencia.com\/contact-us\/\",\"url\":\"https:\/\/directory.digitencia.com\/contact-us\/\",\"name\":\"Contactez-nous - Fintakol.ma: Votre Portail Culinaire au Maroc\",\"isPartOf\":{\"@id\":\"https:\/\/directory.digitencia.com\/fr\/#website\"},\"datePublished\":\"2018-08-14T10:24:27+00:00\",\"dateModified\":\"2024-03-02T12:10:27+00:00\",\"description\":\"Besoin d'aide, de conseils ou simplement envie de nous faire part de vos commentaires? Contactez-nous d\u00e8s aujourd'hui! L'\u00e9quipe de Fintakol.ma est l\u00e0 pour r\u00e9pondre \u00e0 toutes vos questions et vous aider dans votre exploration culinaire \u00e0 travers le Maroc.\",\"breadcrumb\":{\"@id\":\"https:\/\/directory.digitencia.com\/contact-us\/#breadcrumb\"},\"inLanguage\":\"fr-CA\",\"potentialAction\":[{\"@type\":\"ReadAction\",\"target\":[\"https:\/\/directory.digitencia.com\/contact-us\/\"]}]},{\"@type\":\"BreadcrumbList\",\"@id\":\"https:\/\/directory.digitencia.com\/contact-us\/#breadcrumb\",\"itemListElement\":[{\"@type\":\"ListItem\",\"position\":1,\"name\":\"Home\",\"item\":\"https:\/\/directory.digitencia.com\/\"},{\"@type\":\"ListItem\",\"position\":2,\"name\":\"Contact Us\"}]},{\"@type\":\"WebSite\",\"@id\":\"https:\/\/directory.digitencia.com\/fr\/#website\",\"url\":\"https:\/\/directory.digitencia.com\/fr\/\",\"name\":\"Fintakol\",\"description\":\"C&#039;est un guide local qui vous permet de trouver et partager les meilleurs restaurant locaux partout au Maroc\",\"publisher\":{\"@id\":\"https:\/\/directory.digitencia.com\/fr\/#organization\"},\"potentialAction\":[{\"@type\":\"SearchAction\",\"target\":{\"@type\":\"EntryPoint\",\"urlTemplate\":\"https:\/\/directory.digitencia.com\/fr\/?s={search_term_string}\"},\"query-input\":{\"@type\":\"PropertyValueSpecification\",\"valueRequired\":true,\"valueName\":\"search_term_string\"}}],\"inLanguage\":\"fr-CA\"},{\"@type\":\"Organization\",\"@id\":\"https:\/\/directory.digitencia.com\/fr\/#organization\",\"name\":\"Fintakol\",\"url\":\"https:\/\/directory.digitencia.com\/fr\/\",\"logo\":{\"@type\":\"ImageObject\",\"inLanguage\":\"fr-CA\",\"@id\":\"https:\/\/directory.digitencia.com\/fr\/#\/schema\/logo\/image\/\",\"url\":\"http:\/\/directory.digitencia.com\/wp-content\/uploads\/2022\/09\/logo.png\",\"contentUrl\":\"http:\/\/directory.digitencia.com\/wp-content\/uploads\/2022\/09\/logo.png\",\"width\":252,\"height\":82,\"caption\":\"Fintakol\"},\"image\":{\"@id\":\"https:\/\/directory.digitencia.com\/fr\/#\/schema\/logo\/image\/\"},\"sameAs\":[\"https:\/\/web.facebook.com\/people\/Naiily\/100084245676439\/\",\"https:\/\/www.instagram.com\/naiily_maroc\/\"]}]}<\/script>\n<!-- \/ Yoast SEO plugin. -->","yoast_head_json":{"title":"Contactez-nous - Fintakol.ma: Votre Portail Culinaire au Maroc","description":"Besoin d'aide, de conseils ou simplement envie de nous faire part de vos commentaires? Contactez-nous d\u00e8s aujourd'hui! L'\u00e9quipe de Fintakol.ma est l\u00e0 pour r\u00e9pondre \u00e0 toutes vos questions et vous aider dans votre exploration culinaire \u00e0 travers le Maroc.","robots":{"index":"index","follow":"follow","max-snippet":"max-snippet:-1","max-image-preview":"max-image-preview:large","max-video-preview":"max-video-preview:-1"},"canonical":"https:\/\/directory.digitencia.com\/fr\/contact-us\/","og_locale":"fr_CA","og_type":"article","og_title":"Contactez-nous - Fintakol.ma: Votre Portail Culinaire au Maroc","og_description":"Besoin d'aide, de conseils ou simplement envie de nous faire part de vos commentaires? Contactez-nous d\u00e8s aujourd'hui! L'\u00e9quipe de Fintakol.ma est l\u00e0 pour r\u00e9pondre \u00e0 toutes vos questions et vous aider dans votre exploration culinaire \u00e0 travers le Maroc.","og_url":"https:\/\/directory.digitencia.com\/fr\/contact-us\/","og_site_name":"Fintakol","article_publisher":"https:\/\/web.facebook.com\/people\/Naiily\/100084245676439\/","article_modified_time":"2024-03-02T12:10:27+00:00","twitter_card":"summary_large_image","twitter_misc":{"Estimation du temps de lecture":"1 minute"},"schema":{"@context":"https:\/\/schema.org","@graph":[{"@type":"WebPage","@id":"https:\/\/directory.digitencia.com\/contact-us\/","url":"https:\/\/directory.digitencia.com\/contact-us\/","name":"Contactez-nous - Fintakol.ma: Votre Portail Culinaire au Maroc","isPartOf":{"@id":"https:\/\/directory.digitencia.com\/fr\/#website"},"datePublished":"2018-08-14T10:24:27+00:00","dateModified":"2024-03-02T12:10:27+00:00","description":"Besoin d'aide, de conseils ou simplement envie de nous faire part de vos commentaires? Contactez-nous d\u00e8s aujourd'hui! L'\u00e9quipe de Fintakol.ma est l\u00e0 pour r\u00e9pondre \u00e0 toutes vos questions et vous aider dans votre exploration culinaire \u00e0 travers le Maroc.","breadcrumb":{"@id":"https:\/\/directory.digitencia.com\/contact-us\/#breadcrumb"},"inLanguage":"fr-CA","potentialAction":[{"@type":"ReadAction","target":["https:\/\/directory.digitencia.com\/contact-us\/"]}]},{"@type":"BreadcrumbList","@id":"https:\/\/directory.digitencia.com\/contact-us\/#breadcrumb","itemListElement":[{"@type":"ListItem","position":1,"name":"Home","item":"https:\/\/directory.digitencia.com\/"},{"@type":"ListItem","position":2,"name":"Contact Us"}]},{"@type":"WebSite","@id":"https:\/\/directory.digitencia.com\/fr\/#website","url":"https:\/\/directory.digitencia.com\/fr\/","name":"Fintakol","description":"C&#039;est un guide local qui vous permet de trouver et partager les meilleurs restaurant locaux partout au Maroc","publisher":{"@id":"https:\/\/directory.digitencia.com\/fr\/#organization"},"potentialAction":[{"@type":"SearchAction","target":{"@type":"EntryPoint","urlTemplate":"https:\/\/directory.digitencia.com\/fr\/?s={search_term_string}"},"query-input":{"@type":"PropertyValueSpecification","valueRequired":true,"valueName":"search_term_string"}}],"inLanguage":"fr-CA"},{"@type":"Organization","@id":"https:\/\/directory.digitencia.com\/fr\/#organization","name":"Fintakol","url":"https:\/\/directory.digitencia.com\/fr\/","logo":{"@type":"ImageObject","inLanguage":"fr-CA","@id":"https:\/\/directory.digitencia.com\/fr\/#\/schema\/logo\/image\/","url":"http:\/\/directory.digitencia.com\/wp-content\/uploads\/2022\/09\/logo.png","contentUrl":"http:\/\/directory.digitencia.com\/wp-content\/uploads\/2022\/09\/logo.png","width":252,"height":82,"caption":"Fintakol"},"image":{"@id":"https:\/\/directory.digitencia.com\/fr\/#\/schema\/logo\/image\/"},"sameAs":["https:\/\/web.facebook.com\/people\/Naiily\/100084245676439\/","https:\/\/www.instagram.com\/naiily_maroc\/"]}]}},"_links":{"self":[{"href":"https:\/\/directory.digitencia.com\/fr\/wp-json\/wp\/v2\/pages\/1034","targetHints":{"allow":["GET"]}}],"collection":[{"href":"https:\/\/directory.digitencia.com\/fr\/wp-json\/wp\/v2\/pages"}],"about":[{"href":"https:\/\/directory.digitencia.com\/fr\/wp-json\/wp\/v2\/types\/page"}],"author":[{"embeddable":true,"href":"https:\/\/directory.digitencia.com\/fr\/wp-json\/wp\/v2\/users\/1"}],"replies":[{"embeddable":true,"href":"https:\/\/directory.digitencia.com\/fr\/wp-json\/wp\/v2\/comments?post=1034"}],"version-history":[{"count":6,"href":"https:\/\/directory.digitencia.com\/fr\/wp-json\/wp\/v2\/pages\/1034\/revisions"}],"predecessor-version":[{"id":14840,"href":"https:\/\/directory.digitencia.com\/fr\/wp-json\/wp\/v2\/pages\/1034\/revisions\/14840"}],"wp:attachment":[{"href":"https:\/\/directory.digitencia.com\/fr\/wp-json\/wp\/v2\/media?parent=1034"}],"curies":[{"name":"wp","href":"https:\/\/api.w.org\/{rel}","templated":true}]}}