{"id":12478,"date":"2022-10-03T18:25:54","date_gmt":"2022-10-03T18:25:54","guid":{"rendered":"https:\/\/restomaroc.naiily.ma\/activity\/"},"modified":"2024-03-02T12:12:32","modified_gmt":"2024-03-02T12:12:32","slug":"les-villes","status":"publish","type":"page","link":"https:\/\/directory.digitencia.com\/fr_fr\/les-villes\/","title":{"rendered":"les Villes"},"content":{"rendered":"<div class=\"edgtf-row-grid-section-wrapper\"  ><div class=\"edgtf-row-grid-section\"><div class=\"vc_row wpb_row vc_row-fluid vc_custom_1534155567245\" ><div class=\"wpb_column vc_column_container vc_col-sm-12\"><div class=\"vc_column-inner\"><div class=\"wpb_wrapper\"><div class=\"edgtf-section-title-holder   edgtf-st-position-center\" >\n\t<div class=\"edgtf-st-inner\">\n\t\t\t\t\t\t\t<h2 class=\"edgtf-st-title\" >\n\t\t\t\tS\u00e9lectionnez Votre Ville\t\t\t<\/h2>\n\t\t\t\t\t<\/div>\n<\/div><\/div><\/div><\/div><\/div><\/div><\/div><div class=\"edgtf-row-grid-section-wrapper edgtf-content-aligment-left\"  ><div class=\"edgtf-row-grid-section\"><div class=\"vc_row wpb_row vc_row-fluid vc_custom_1660606744123\" ><div class=\"wpb_column vc_column_container vc_col-sm-12\"><div class=\"vc_column-inner\"><div class=\"wpb_wrapper\"><div class=\"edgtf-location-list-holder edgtf-grid-list edgtf-disable-bottom-space edgtf-four-columns edgtf-normal-space\">\n\t<div class=\"edgtf-ll-inner edgtf-outer-space clearfix\">\n\t\t<article class=\"edgtf-ll-item edgtf-item-space\">\n\t<div class=\"edgtf-ll-item-inner\">\n\t\t\t<div class=\"edgtf-ll-image\">\n\t\t<img loading=\"lazy\" decoding=\"async\" width=\"700\" height=\"500\" src=\"https:\/\/directory.digitencia.com\/wp-content\/uploads\/2022\/08\/agadir.jpg\" class=\"attachment-full size-full\" alt=\"\" srcset=\"https:\/\/directory.digitencia.com\/wp-content\/uploads\/2022\/08\/agadir.jpg 700w, https:\/\/directory.digitencia.com\/wp-content\/uploads\/2022\/08\/agadir-300x214.jpg 300w, https:\/\/directory.digitencia.com\/wp-content\/uploads\/2022\/08\/agadir-18x12.jpg 18w, https:\/\/directory.digitencia.com\/wp-content\/uploads\/2022\/08\/agadir-600x429.jpg 600w\" sizes=\"auto, (max-width: 700px) 100vw, 700px\" \/>\t<\/div>\n\t\t<div class=\"edgtf-ll-content\">\n\t\t\t\t<h5 itemprop=\"name\" class=\"edgtf-ll-title entry-title\">\n\t\t<a itemprop=\"url\" href=\"https:\/\/directory.digitencia.com\/fr_fr\/listing-location\/agadir\/\">Agadir<\/a>\n\t<\/h5>\n\t<p itemprop=\"description\" class=\"edgtf-ll-excerpt\">Agadir est situ\u00e9e le long de la cote ouest <\/p>\n\t\t<\/div>\n\t\t<a itemprop=\"url\" class=\"edgtf-ll-link\" href=\"https:\/\/directory.digitencia.com\/fr_fr\/listing-location\/agadir\/\"><\/a>\t<\/div>\n<\/article><article class=\"edgtf-ll-item edgtf-item-space\">\n\t<div class=\"edgtf-ll-item-inner\">\n\t\t\t<div class=\"edgtf-ll-image\">\n\t\t<img loading=\"lazy\" decoding=\"async\" width=\"1280\" height=\"853\" src=\"https:\/\/directory.digitencia.com\/wp-content\/uploads\/2022\/08\/beni-mellal.jpg\" class=\"attachment-full size-full\" alt=\"\" srcset=\"https:\/\/directory.digitencia.com\/wp-content\/uploads\/2022\/08\/beni-mellal.jpg 1280w, https:\/\/directory.digitencia.com\/wp-content\/uploads\/2022\/08\/beni-mellal-300x200.jpg 300w, https:\/\/directory.digitencia.com\/wp-content\/uploads\/2022\/08\/beni-mellal-1024x682.jpg 1024w, https:\/\/directory.digitencia.com\/wp-content\/uploads\/2022\/08\/beni-mellal-768x512.jpg 768w, https:\/\/directory.digitencia.com\/wp-content\/uploads\/2022\/08\/beni-mellal-18x12.jpg 18w, https:\/\/directory.digitencia.com\/wp-content\/uploads\/2022\/08\/beni-mellal-600x400.jpg 600w\" sizes=\"auto, (max-width: 1280px) 100vw, 1280px\" \/>\t<\/div>\n\t\t<div class=\"edgtf-ll-content\">\n\t\t\t\t<h5 itemprop=\"name\" class=\"edgtf-ll-title entry-title\">\n\t\t<a itemprop=\"url\" href=\"https:\/\/directory.digitencia.com\/fr_fr\/listing-location\/beni-mellal\/\">Beni Mellal<\/a>\n\t<\/h5>\n\t<p itemprop=\"description\" class=\"edgtf-ll-excerpt\">Beni Mellal est une ville situ\u00e9e au coeur d<\/p>\n\t\t<\/div>\n\t\t<a itemprop=\"url\" class=\"edgtf-ll-link\" href=\"https:\/\/directory.digitencia.com\/fr_fr\/listing-location\/beni-mellal\/\"><\/a>\t<\/div>\n<\/article><article class=\"edgtf-ll-item edgtf-item-space\">\n\t<div class=\"edgtf-ll-item-inner\">\n\t\t\t<div class=\"edgtf-ll-image\">\n\t\t<img loading=\"lazy\" decoding=\"async\" width=\"1280\" height=\"853\" src=\"https:\/\/directory.digitencia.com\/wp-content\/uploads\/2022\/08\/50ae3aa_1644014741517-casablanca-maroc-expat.jpg\" class=\"attachment-full size-full\" alt=\"\" srcset=\"https:\/\/directory.digitencia.com\/wp-content\/uploads\/2022\/08\/50ae3aa_1644014741517-casablanca-maroc-expat.jpg 1280w, https:\/\/directory.digitencia.com\/wp-content\/uploads\/2022\/08\/50ae3aa_1644014741517-casablanca-maroc-expat-300x200.jpg 300w, https:\/\/directory.digitencia.com\/wp-content\/uploads\/2022\/08\/50ae3aa_1644014741517-casablanca-maroc-expat-1024x682.jpg 1024w, https:\/\/directory.digitencia.com\/wp-content\/uploads\/2022\/08\/50ae3aa_1644014741517-casablanca-maroc-expat-768x512.jpg 768w, https:\/\/directory.digitencia.com\/wp-content\/uploads\/2022\/08\/50ae3aa_1644014741517-casablanca-maroc-expat-18x12.jpg 18w, https:\/\/directory.digitencia.com\/wp-content\/uploads\/2022\/08\/50ae3aa_1644014741517-casablanca-maroc-expat-600x400.jpg 600w\" sizes=\"auto, (max-width: 1280px) 100vw, 1280px\" \/>\t<\/div>\n\t\t<div class=\"edgtf-ll-content\">\n\t\t\t\t<h5 itemprop=\"name\" class=\"edgtf-ll-title entry-title\">\n\t\t<a itemprop=\"url\" href=\"https:\/\/directory.digitencia.com\/fr_fr\/listing-location\/casablanca\/\">Casablanca<\/a>\n\t<\/h5>\n\t<p itemprop=\"description\" class=\"edgtf-ll-excerpt\">Casablanca est aujourd\u2019hui la capitale \u00e9c<\/p>\n\t\t<\/div>\n\t\t<a itemprop=\"url\" class=\"edgtf-ll-link\" href=\"https:\/\/directory.digitencia.com\/fr_fr\/listing-location\/casablanca\/\"><\/a>\t<\/div>\n<\/article><article class=\"edgtf-ll-item edgtf-item-space\">\n\t<div class=\"edgtf-ll-item-inner\">\n\t\t\t<div class=\"edgtf-ll-image\">\n\t\t<img loading=\"lazy\" decoding=\"async\" width=\"600\" height=\"400\" src=\"https:\/\/directory.digitencia.com\/wp-content\/uploads\/2022\/08\/photo1jpg-13.jpg\" class=\"attachment-full size-full\" alt=\"\" srcset=\"https:\/\/directory.digitencia.com\/wp-content\/uploads\/2022\/08\/photo1jpg-13.jpg 600w, https:\/\/directory.digitencia.com\/wp-content\/uploads\/2022\/08\/photo1jpg-13-300x200.jpg 300w, https:\/\/directory.digitencia.com\/wp-content\/uploads\/2022\/08\/photo1jpg-13-18x12.jpg 18w\" sizes=\"auto, (max-width: 600px) 100vw, 600px\" \/>\t<\/div>\n\t\t<div class=\"edgtf-ll-content\">\n\t\t\t\t<h5 itemprop=\"name\" class=\"edgtf-ll-title entry-title\">\n\t\t<a itemprop=\"url\" href=\"https:\/\/directory.digitencia.com\/fr_fr\/listing-location\/el-jadida\/\">El jadida<\/a>\n\t<\/h5>\n\t<p itemprop=\"description\" class=\"edgtf-ll-excerpt\">El Jadida est le nom actuel (depuis 1815) de<\/p>\n\t\t<\/div>\n\t\t<a itemprop=\"url\" class=\"edgtf-ll-link\" href=\"https:\/\/directory.digitencia.com\/fr_fr\/listing-location\/el-jadida\/\"><\/a>\t<\/div>\n<\/article><article class=\"edgtf-ll-item edgtf-item-space\">\n\t<div class=\"edgtf-ll-item-inner\">\n\t\t\t<div class=\"edgtf-ll-image\">\n\t\t<img loading=\"lazy\" decoding=\"async\" width=\"1280\" height=\"853\" src=\"https:\/\/directory.digitencia.com\/wp-content\/uploads\/2022\/08\/4c51003a-city-26641-1655cc09179.jpg\" class=\"attachment-full size-full\" alt=\"\" srcset=\"https:\/\/directory.digitencia.com\/wp-content\/uploads\/2022\/08\/4c51003a-city-26641-1655cc09179.jpg 1280w, https:\/\/directory.digitencia.com\/wp-content\/uploads\/2022\/08\/4c51003a-city-26641-1655cc09179-300x200.jpg 300w, https:\/\/directory.digitencia.com\/wp-content\/uploads\/2022\/08\/4c51003a-city-26641-1655cc09179-1024x682.jpg 1024w, https:\/\/directory.digitencia.com\/wp-content\/uploads\/2022\/08\/4c51003a-city-26641-1655cc09179-768x512.jpg 768w, https:\/\/directory.digitencia.com\/wp-content\/uploads\/2022\/08\/4c51003a-city-26641-1655cc09179-18x12.jpg 18w, https:\/\/directory.digitencia.com\/wp-content\/uploads\/2022\/08\/4c51003a-city-26641-1655cc09179-600x400.jpg 600w\" sizes=\"auto, (max-width: 1280px) 100vw, 1280px\" \/>\t<\/div>\n\t\t<div class=\"edgtf-ll-content\">\n\t\t\t\t<h5 itemprop=\"name\" class=\"edgtf-ll-title entry-title\">\n\t\t<a itemprop=\"url\" href=\"https:\/\/directory.digitencia.com\/fr_fr\/listing-location\/fes\/\">Fes<\/a>\n\t<\/h5>\n\t\t<\/div>\n\t\t<a itemprop=\"url\" class=\"edgtf-ll-link\" href=\"https:\/\/directory.digitencia.com\/fr_fr\/listing-location\/fes\/\"><\/a>\t<\/div>\n<\/article><article class=\"edgtf-ll-item edgtf-item-space\">\n\t<div class=\"edgtf-ll-item-inner\">\n\t\t\t<div class=\"edgtf-ll-image\">\n\t\t<img loading=\"lazy\" decoding=\"async\" width=\"800\" height=\"600\" src=\"https:\/\/directory.digitencia.com\/wp-content\/uploads\/2022\/09\/7.jpg\" class=\"attachment-full size-full\" alt=\"\" srcset=\"https:\/\/directory.digitencia.com\/wp-content\/uploads\/2022\/09\/7.jpg 800w, https:\/\/directory.digitencia.com\/wp-content\/uploads\/2022\/09\/7-300x225.jpg 300w, https:\/\/directory.digitencia.com\/wp-content\/uploads\/2022\/09\/7-768x576.jpg 768w, https:\/\/directory.digitencia.com\/wp-content\/uploads\/2022\/09\/7-16x12.jpg 16w, https:\/\/directory.digitencia.com\/wp-content\/uploads\/2022\/09\/7-600x450.jpg 600w\" sizes=\"auto, (max-width: 800px) 100vw, 800px\" \/>\t<\/div>\n\t\t<div class=\"edgtf-ll-content\">\n\t\t\t\t<h5 itemprop=\"name\" class=\"edgtf-ll-title entry-title\">\n\t\t<a itemprop=\"url\" href=\"https:\/\/directory.digitencia.com\/fr_fr\/listing-location\/marrakech\/\">Marrakech<\/a>\n\t<\/h5>\n\t<p itemprop=\"description\" class=\"edgtf-ll-excerpt\">Envie de d\u00e9couvrir Marrakech ? Il y a mille<\/p>\n\t\t<\/div>\n\t\t<a itemprop=\"url\" class=\"edgtf-ll-link\" href=\"https:\/\/directory.digitencia.com\/fr_fr\/listing-location\/marrakech\/\"><\/a>\t<\/div>\n<\/article><article class=\"edgtf-ll-item edgtf-item-space\">\n\t<div class=\"edgtf-ll-item-inner\">\n\t\t\t<div class=\"edgtf-ll-image\">\n\t\t<img loading=\"lazy\" decoding=\"async\" width=\"800\" height=\"600\" src=\"https:\/\/directory.digitencia.com\/wp-content\/uploads\/2022\/09\/mohammedia-shutterstock-1230917350-62628361e3513921616107.jpg\" class=\"attachment-full size-full\" alt=\"\" srcset=\"https:\/\/directory.digitencia.com\/wp-content\/uploads\/2022\/09\/mohammedia-shutterstock-1230917350-62628361e3513921616107.jpg 800w, https:\/\/directory.digitencia.com\/wp-content\/uploads\/2022\/09\/mohammedia-shutterstock-1230917350-62628361e3513921616107-300x225.jpg 300w, https:\/\/directory.digitencia.com\/wp-content\/uploads\/2022\/09\/mohammedia-shutterstock-1230917350-62628361e3513921616107-768x576.jpg 768w, https:\/\/directory.digitencia.com\/wp-content\/uploads\/2022\/09\/mohammedia-shutterstock-1230917350-62628361e3513921616107-16x12.jpg 16w, https:\/\/directory.digitencia.com\/wp-content\/uploads\/2022\/09\/mohammedia-shutterstock-1230917350-62628361e3513921616107-600x450.jpg 600w\" sizes=\"auto, (max-width: 800px) 100vw, 800px\" \/>\t<\/div>\n\t\t<div class=\"edgtf-ll-content\">\n\t\t\t\t<h5 itemprop=\"name\" class=\"edgtf-ll-title entry-title\">\n\t\t<a itemprop=\"url\" href=\"https:\/\/directory.digitencia.com\/fr_fr\/listing-location\/mohammedia\/\">mohamm\u00e9dia<\/a>\n\t<\/h5>\n\t\t<\/div>\n\t\t<a itemprop=\"url\" class=\"edgtf-ll-link\" href=\"https:\/\/directory.digitencia.com\/fr_fr\/listing-location\/mohammedia\/\"><\/a>\t<\/div>\n<\/article><article class=\"edgtf-ll-item edgtf-item-space\">\n\t<div class=\"edgtf-ll-item-inner\">\n\t\t\t<div class=\"edgtf-ll-image\">\n\t\t<img loading=\"lazy\" decoding=\"async\" width=\"800\" height=\"600\" src=\"https:\/\/directory.digitencia.com\/wp-content\/uploads\/2022\/09\/tour-hassan-rabat-morocco-by-migel.jpg\" class=\"attachment-full size-full\" alt=\"\" srcset=\"https:\/\/directory.digitencia.com\/wp-content\/uploads\/2022\/09\/tour-hassan-rabat-morocco-by-migel.jpg 800w, https:\/\/directory.digitencia.com\/wp-content\/uploads\/2022\/09\/tour-hassan-rabat-morocco-by-migel-300x225.jpg 300w, https:\/\/directory.digitencia.com\/wp-content\/uploads\/2022\/09\/tour-hassan-rabat-morocco-by-migel-768x576.jpg 768w, https:\/\/directory.digitencia.com\/wp-content\/uploads\/2022\/09\/tour-hassan-rabat-morocco-by-migel-16x12.jpg 16w, https:\/\/directory.digitencia.com\/wp-content\/uploads\/2022\/09\/tour-hassan-rabat-morocco-by-migel-600x450.jpg 600w\" sizes=\"auto, (max-width: 800px) 100vw, 800px\" \/>\t<\/div>\n\t\t<div class=\"edgtf-ll-content\">\n\t\t\t\t<h5 itemprop=\"name\" class=\"edgtf-ll-title entry-title\">\n\t\t<a itemprop=\"url\" href=\"https:\/\/directory.digitencia.com\/fr_fr\/listing-location\/rabat\/\">Rabat<\/a>\n\t<\/h5>\n\t<p itemprop=\"description\" class=\"edgtf-ll-excerpt\">Rabat est la capitale administrative du Maro<\/p>\n\t\t<\/div>\n\t\t<a itemprop=\"url\" class=\"edgtf-ll-link\" href=\"https:\/\/directory.digitencia.com\/fr_fr\/listing-location\/rabat\/\"><\/a>\t<\/div>\n<\/article><article class=\"edgtf-ll-item edgtf-item-space\">\n\t<div class=\"edgtf-ll-item-inner\">\n\t\t\t<div class=\"edgtf-ll-image\">\n\t\t<img loading=\"lazy\" decoding=\"async\" width=\"800\" height=\"600\" src=\"https:\/\/directory.digitencia.com\/wp-content\/uploads\/2022\/09\/1200px-Blue_fishing_boats_in_Taghazout_Morocco_8628196631.jpg\" class=\"attachment-full size-full\" alt=\"\" srcset=\"https:\/\/directory.digitencia.com\/wp-content\/uploads\/2022\/09\/1200px-Blue_fishing_boats_in_Taghazout_Morocco_8628196631.jpg 800w, https:\/\/directory.digitencia.com\/wp-content\/uploads\/2022\/09\/1200px-Blue_fishing_boats_in_Taghazout_Morocco_8628196631-300x225.jpg 300w, https:\/\/directory.digitencia.com\/wp-content\/uploads\/2022\/09\/1200px-Blue_fishing_boats_in_Taghazout_Morocco_8628196631-768x576.jpg 768w, https:\/\/directory.digitencia.com\/wp-content\/uploads\/2022\/09\/1200px-Blue_fishing_boats_in_Taghazout_Morocco_8628196631-16x12.jpg 16w, https:\/\/directory.digitencia.com\/wp-content\/uploads\/2022\/09\/1200px-Blue_fishing_boats_in_Taghazout_Morocco_8628196631-600x450.jpg 600w\" sizes=\"auto, (max-width: 800px) 100vw, 800px\" \/>\t<\/div>\n\t\t<div class=\"edgtf-ll-content\">\n\t\t\t\t<h5 itemprop=\"name\" class=\"edgtf-ll-title entry-title\">\n\t\t<a itemprop=\"url\" href=\"https:\/\/directory.digitencia.com\/fr_fr\/listing-location\/taghazout\/\">Taghazout<\/a>\n\t<\/h5>\n\t\t<\/div>\n\t\t<a itemprop=\"url\" class=\"edgtf-ll-link\" href=\"https:\/\/directory.digitencia.com\/fr_fr\/listing-location\/taghazout\/\"><\/a>\t<\/div>\n<\/article>\t<\/div>\n<\/div><\/div><\/div><\/div><\/div><\/div><\/div>","protected":false},"excerpt":{"rendered":"S\u00e9lectionnez Votre Ville Agadir Agadir est situ\u00e9e le long de la cote ouest Beni Mellal Beni Mellal est une ville situ\u00e9e au coeur d Casablanca Casablanca est aujourd\u2019hui la capitale \u00e9c El jadida El Jadida est le nom actuel (depuis 1815) de Fes Marrakech Envie de d\u00e9couvrir Marrakech ? Il y a mille mohamm\u00e9dia Rabat Rabat est la capitale administrative [...]","protected":false},"author":1,"featured_media":0,"parent":0,"menu_order":0,"comment_status":"closed","ping_status":"closed","template":"","meta":{"footnotes":""},"class_list":["post-12478","page","type-page","status-publish","hentry"],"yoast_head":"<!-- This site is optimized with the Yoast SEO plugin v26.8 - https:\/\/yoast.com\/product\/yoast-seo-wordpress\/ -->\n<title>Trouvez Votre Restaurant dans Votre Destination au Maroc - Fintakol.ma<\/title>\n<meta name=\"description\" content=\"Plongez dans la diversit\u00e9 culinaire du Maroc en explorant nos s\u00e9lections de restaurants par ville sur Fintakol.ma.\" \/>\n<meta name=\"robots\" content=\"index, follow, max-snippet:-1, max-image-preview:large, max-video-preview:-1\" \/>\n<link rel=\"canonical\" href=\"https:\/\/directory.digitencia.com\/fr_fr\/les-villes\/\" \/>\n<meta property=\"og:locale\" content=\"fr_FR\" \/>\n<meta property=\"og:type\" content=\"article\" \/>\n<meta property=\"og:title\" content=\"Trouvez Votre Restaurant dans Votre Destination au Maroc - Fintakol.ma\" \/>\n<meta property=\"og:description\" content=\"Plongez dans la diversit\u00e9 culinaire du Maroc en explorant nos s\u00e9lections de restaurants par ville sur Fintakol.ma.\" \/>\n<meta property=\"og:url\" content=\"https:\/\/directory.digitencia.com\/fr_fr\/les-villes\/\" \/>\n<meta property=\"og:site_name\" content=\"Fintakol\" \/>\n<meta property=\"article:publisher\" content=\"https:\/\/web.facebook.com\/people\/Naiily\/100084245676439\/\" \/>\n<meta property=\"article:modified_time\" content=\"2024-03-02T12:12:32+00:00\" \/>\n<meta name=\"twitter:card\" content=\"summary_large_image\" \/>\n<meta name=\"twitter:label1\" content=\"Dur\u00e9e de lecture estim\u00e9e\" \/>\n\t<meta name=\"twitter:data1\" content=\"1 minute\" \/>\n<script type=\"application\/ld+json\" class=\"yoast-schema-graph\">{\"@context\":\"https:\/\/schema.org\",\"@graph\":[{\"@type\":\"WebPage\",\"@id\":\"https:\/\/directory.digitencia.com\/les-villes\/\",\"url\":\"https:\/\/directory.digitencia.com\/les-villes\/\",\"name\":\"Trouvez Votre Restaurant dans Votre Destination au Maroc - Fintakol.ma\",\"isPartOf\":{\"@id\":\"https:\/\/directory.digitencia.com\/fr\/#website\"},\"datePublished\":\"2022-10-03T18:25:54+00:00\",\"dateModified\":\"2024-03-02T12:12:32+00:00\",\"description\":\"Plongez dans la diversit\u00e9 culinaire du Maroc en explorant nos s\u00e9lections de restaurants par ville sur Fintakol.ma.\",\"breadcrumb\":{\"@id\":\"https:\/\/directory.digitencia.com\/les-villes\/#breadcrumb\"},\"inLanguage\":\"fr-FR\",\"potentialAction\":[{\"@type\":\"ReadAction\",\"target\":[\"https:\/\/directory.digitencia.com\/les-villes\/\"]}]},{\"@type\":\"BreadcrumbList\",\"@id\":\"https:\/\/directory.digitencia.com\/les-villes\/#breadcrumb\",\"itemListElement\":[{\"@type\":\"ListItem\",\"position\":1,\"name\":\"Home\",\"item\":\"https:\/\/directory.digitencia.com\/\"},{\"@type\":\"ListItem\",\"position\":2,\"name\":\"les Villes\"}]},{\"@type\":\"WebSite\",\"@id\":\"https:\/\/directory.digitencia.com\/fr\/#website\",\"url\":\"https:\/\/directory.digitencia.com\/fr\/\",\"name\":\"Fintakol\",\"description\":\"C&#039;est un guide local qui vous permet de trouver et partager les meilleurs restaurant locaux partout au Maroc\",\"publisher\":{\"@id\":\"https:\/\/directory.digitencia.com\/fr\/#organization\"},\"potentialAction\":[{\"@type\":\"SearchAction\",\"target\":{\"@type\":\"EntryPoint\",\"urlTemplate\":\"https:\/\/directory.digitencia.com\/fr\/?s={search_term_string}\"},\"query-input\":{\"@type\":\"PropertyValueSpecification\",\"valueRequired\":true,\"valueName\":\"search_term_string\"}}],\"inLanguage\":\"fr-FR\"},{\"@type\":\"Organization\",\"@id\":\"https:\/\/directory.digitencia.com\/fr\/#organization\",\"name\":\"Fintakol\",\"url\":\"https:\/\/directory.digitencia.com\/fr\/\",\"logo\":{\"@type\":\"ImageObject\",\"inLanguage\":\"fr-FR\",\"@id\":\"https:\/\/directory.digitencia.com\/fr\/#\/schema\/logo\/image\/\",\"url\":\"http:\/\/directory.digitencia.com\/wp-content\/uploads\/2022\/09\/logo.png\",\"contentUrl\":\"http:\/\/directory.digitencia.com\/wp-content\/uploads\/2022\/09\/logo.png\",\"width\":252,\"height\":82,\"caption\":\"Fintakol\"},\"image\":{\"@id\":\"https:\/\/directory.digitencia.com\/fr\/#\/schema\/logo\/image\/\"},\"sameAs\":[\"https:\/\/web.facebook.com\/people\/Naiily\/100084245676439\/\",\"https:\/\/www.instagram.com\/naiily_maroc\/\"]}]}<\/script>\n<!-- \/ Yoast SEO plugin. -->","yoast_head_json":{"title":"Trouvez Votre Restaurant dans Votre Destination au Maroc - Fintakol.ma","description":"Plongez dans la diversit\u00e9 culinaire du Maroc en explorant nos s\u00e9lections de restaurants par ville sur Fintakol.ma.","robots":{"index":"index","follow":"follow","max-snippet":"max-snippet:-1","max-image-preview":"max-image-preview:large","max-video-preview":"max-video-preview:-1"},"canonical":"https:\/\/directory.digitencia.com\/fr_fr\/les-villes\/","og_locale":"fr_FR","og_type":"article","og_title":"Trouvez Votre Restaurant dans Votre Destination au Maroc - Fintakol.ma","og_description":"Plongez dans la diversit\u00e9 culinaire du Maroc en explorant nos s\u00e9lections de restaurants par ville sur Fintakol.ma.","og_url":"https:\/\/directory.digitencia.com\/fr_fr\/les-villes\/","og_site_name":"Fintakol","article_publisher":"https:\/\/web.facebook.com\/people\/Naiily\/100084245676439\/","article_modified_time":"2024-03-02T12:12:32+00:00","twitter_card":"summary_large_image","twitter_misc":{"Dur\u00e9e de lecture estim\u00e9e":"1 minute"},"schema":{"@context":"https:\/\/schema.org","@graph":[{"@type":"WebPage","@id":"https:\/\/directory.digitencia.com\/les-villes\/","url":"https:\/\/directory.digitencia.com\/les-villes\/","name":"Trouvez Votre Restaurant dans Votre Destination au Maroc - Fintakol.ma","isPartOf":{"@id":"https:\/\/directory.digitencia.com\/fr\/#website"},"datePublished":"2022-10-03T18:25:54+00:00","dateModified":"2024-03-02T12:12:32+00:00","description":"Plongez dans la diversit\u00e9 culinaire du Maroc en explorant nos s\u00e9lections de restaurants par ville sur Fintakol.ma.","breadcrumb":{"@id":"https:\/\/directory.digitencia.com\/les-villes\/#breadcrumb"},"inLanguage":"fr-FR","potentialAction":[{"@type":"ReadAction","target":["https:\/\/directory.digitencia.com\/les-villes\/"]}]},{"@type":"BreadcrumbList","@id":"https:\/\/directory.digitencia.com\/les-villes\/#breadcrumb","itemListElement":[{"@type":"ListItem","position":1,"name":"Home","item":"https:\/\/directory.digitencia.com\/"},{"@type":"ListItem","position":2,"name":"les Villes"}]},{"@type":"WebSite","@id":"https:\/\/directory.digitencia.com\/fr\/#website","url":"https:\/\/directory.digitencia.com\/fr\/","name":"Fintakol","description":"C&#039;est un guide local qui vous permet de trouver et partager les meilleurs restaurant locaux partout au Maroc","publisher":{"@id":"https:\/\/directory.digitencia.com\/fr\/#organization"},"potentialAction":[{"@type":"SearchAction","target":{"@type":"EntryPoint","urlTemplate":"https:\/\/directory.digitencia.com\/fr\/?s={search_term_string}"},"query-input":{"@type":"PropertyValueSpecification","valueRequired":true,"valueName":"search_term_string"}}],"inLanguage":"fr-FR"},{"@type":"Organization","@id":"https:\/\/directory.digitencia.com\/fr\/#organization","name":"Fintakol","url":"https:\/\/directory.digitencia.com\/fr\/","logo":{"@type":"ImageObject","inLanguage":"fr-FR","@id":"https:\/\/directory.digitencia.com\/fr\/#\/schema\/logo\/image\/","url":"http:\/\/directory.digitencia.com\/wp-content\/uploads\/2022\/09\/logo.png","contentUrl":"http:\/\/directory.digitencia.com\/wp-content\/uploads\/2022\/09\/logo.png","width":252,"height":82,"caption":"Fintakol"},"image":{"@id":"https:\/\/directory.digitencia.com\/fr\/#\/schema\/logo\/image\/"},"sameAs":["https:\/\/web.facebook.com\/people\/Naiily\/100084245676439\/","https:\/\/www.instagram.com\/naiily_maroc\/"]}]}},"_links":{"self":[{"href":"https:\/\/directory.digitencia.com\/fr_fr\/wp-json\/wp\/v2\/pages\/12478","targetHints":{"allow":["GET"]}}],"collection":[{"href":"https:\/\/directory.digitencia.com\/fr_fr\/wp-json\/wp\/v2\/pages"}],"about":[{"href":"https:\/\/directory.digitencia.com\/fr_fr\/wp-json\/wp\/v2\/types\/page"}],"author":[{"embeddable":true,"href":"https:\/\/directory.digitencia.com\/fr_fr\/wp-json\/wp\/v2\/users\/1"}],"replies":[{"embeddable":true,"href":"https:\/\/directory.digitencia.com\/fr_fr\/wp-json\/wp\/v2\/comments?post=12478"}],"version-history":[{"count":5,"href":"https:\/\/directory.digitencia.com\/fr_fr\/wp-json\/wp\/v2\/pages\/12478\/revisions"}],"predecessor-version":[{"id":14813,"href":"https:\/\/directory.digitencia.com\/fr_fr\/wp-json\/wp\/v2\/pages\/12478\/revisions\/14813"}],"wp:attachment":[{"href":"https:\/\/directory.digitencia.com\/fr_fr\/wp-json\/wp\/v2\/media?parent=12478"}],"curies":[{"name":"wp","href":"https:\/\/api.w.org\/{rel}","templated":true}]}}