{"id":15115,"date":"2024-01-10T12:19:50","date_gmt":"2024-01-10T12:19:50","guid":{"rendered":"https:\/\/directory.digitencia.com\/?page_id=15115"},"modified":"2024-03-04T10:40:31","modified_gmt":"2024-03-04T10:40:31","slug":"ajoutez-votre-restaurant-sur-fintakol-ma","status":"publish","type":"page","link":"https:\/\/directory.digitencia.com\/fr_fr\/ajoutez-votre-restaurant-sur-fintakol-ma\/","title":{"rendered":"Ajoutez votre Restaurant sur Fintakol.ma"},"content":{"rendered":"<style id=\"wpforms-css-vars-15120\">\n\t\t\t\t#wpforms-15120 {\n\t\t\t\t\n\t\t\t}\n\t\t\t<\/style><div class=\"wpforms-container wpforms-container-full wpforms-render-modern\" id=\"wpforms-15120\"><form id=\"wpforms-form-15120\" class=\"wpforms-validate wpforms-form wpforms-ajax-form\" data-formid=\"15120\" method=\"post\" enctype=\"multipart\/form-data\" action=\"\/fr_fr\/wp-json\/wp\/v2\/pages\/15115\" data-token=\"11341b87b536144fe09844dc7df84044\" data-token-time=\"1775853088\" data-trp-original-action=\"\/fr_fr\/wp-json\/wp\/v2\/pages\/15115\"><noscript class=\"wpforms-error-noscript\">Veuillez activer JavaScript dans votre navigateur pour remplir ce formulaire.<\/noscript><div id=\"wpforms-error-noscript\" style=\"display: none;\">Veuillez activer JavaScript dans votre navigateur pour remplir ce formulaire.<\/div><div class=\"wpforms-field-container\"><div id=\"wpforms-15120-field_17-container\" class=\"wpforms-field wpforms-field-text\" data-field-id=\"17\"><label class=\"wpforms-field-label\" for=\"wpforms-15120-field_17\">Nom du Restaurant <span class=\"wpforms-required-label\" aria-hidden=\"true\">*<\/span><\/label><input type=\"text\" id=\"wpforms-15120-field_17\" class=\"wpforms-field-medium wpforms-field-required\" name=\"wpforms[fields][17]\" aria-errormessage=\"wpforms-15120-field_17-error\" required><\/div><div id=\"wpforms-15120-field_2-container\" class=\"wpforms-field wpforms-field-text\" data-field-id=\"2\"><label class=\"wpforms-field-label\" for=\"wpforms-15120-field_2\">Ville <span class=\"wpforms-required-label\" aria-hidden=\"true\">*<\/span><\/label><input type=\"text\" id=\"wpforms-15120-field_2\" class=\"wpforms-field-medium wpforms-field-required\" name=\"wpforms[fields][2]\" aria-errormessage=\"wpforms-15120-field_2-error\" required><\/div><div id=\"wpforms-15120-field_3-container\" class=\"wpforms-field wpforms-field-text\" data-field-id=\"3\"><label class=\"wpforms-field-label\" for=\"wpforms-15120-field_3\">T\u00e9l\u00e9phone du Restaurant<\/label><input type=\"text\" id=\"wpforms-15120-field_3\" class=\"wpforms-field-medium\" name=\"wpforms[fields][3]\" aria-errormessage=\"wpforms-15120-field_3-error\" ><\/div><div id=\"wpforms-15120-field_18-container\" class=\"wpforms-field wpforms-field-text\" data-field-id=\"18\"><label class=\"wpforms-field-label\" for=\"wpforms-15120-field_18\">Sp\u00e9cialit\u00e9s <span class=\"wpforms-required-label\" aria-hidden=\"true\">*<\/span><\/label><input type=\"text\" id=\"wpforms-15120-field_18\" class=\"wpforms-field-medium wpforms-field-required\" name=\"wpforms[fields][18]\" aria-errormessage=\"wpforms-15120-field_18-error\" required><\/div><div id=\"wpforms-15120-field_4-container\" class=\"wpforms-field wpforms-field-text\" data-field-id=\"4\"><label class=\"wpforms-field-label\" for=\"wpforms-15120-field_4\">Adresse <span class=\"wpforms-required-label\" aria-hidden=\"true\">*<\/span><\/label><input type=\"text\" id=\"wpforms-15120-field_4\" class=\"wpforms-field-medium wpforms-field-required\" name=\"wpforms[fields][4]\" aria-errormessage=\"wpforms-15120-field_4-error\" required><\/div><div id=\"wpforms-15120-field_7-container\" class=\"wpforms-field wpforms-field-email\" data-field-id=\"7\"><label class=\"wpforms-field-label\" for=\"wpforms-15120-field_7\">Email <span class=\"wpforms-required-label\" aria-hidden=\"true\">*<\/span><\/label><input type=\"email\" id=\"wpforms-15120-field_7\" class=\"wpforms-field-medium wpforms-field-required\" name=\"wpforms[fields][7]\" spellcheck=\"false\" aria-errormessage=\"wpforms-15120-field_7-error\" required><\/div><div id=\"wpforms-15120-field_16-container\" class=\"wpforms-field wpforms-field-text\" data-field-id=\"16\"><label class=\"wpforms-field-label\" for=\"wpforms-15120-field_16\">R\u00e9seaux sociaux <span class=\"wpforms-required-label\" aria-hidden=\"true\">*<\/span><\/label><input type=\"text\" id=\"wpforms-15120-field_16\" class=\"wpforms-field-medium wpforms-field-required\" name=\"wpforms[fields][16]\" placeholder=\"Facebook\" aria-errormessage=\"wpforms-15120-field_16-error\" required><\/div><div id=\"wpforms-15120-field_15-container\" class=\"wpforms-field wpforms-field-text\" data-field-id=\"15\"><label class=\"wpforms-field-label wpforms-label-hide\" for=\"wpforms-15120-field_15\" aria-hidden=\"false\">Adresse (copy) <span class=\"wpforms-required-label\" aria-hidden=\"true\">*<\/span><\/label><input type=\"text\" id=\"wpforms-15120-field_15\" class=\"wpforms-field-medium wpforms-field-required\" name=\"wpforms[fields][15]\" placeholder=\"Instagram\" aria-errormessage=\"wpforms-15120-field_15-error\" required><\/div><div id=\"wpforms-15120-field_14-container\" class=\"wpforms-field wpforms-field-text\" data-field-id=\"14\"><input type=\"text\" id=\"wpforms-15120-field_14\" class=\"wpforms-field-medium wpforms-field-required\" name=\"wpforms[fields][14]\" placeholder=\"Site Web\" aria-errormessage=\"wpforms-15120-field_14-error\" required><\/div><div id=\"wpforms-15120-field_11-container\" class=\"wpforms-field wpforms-field-name\" data-field-id=\"11\"><label class=\"wpforms-field-label\" for=\"wpforms-15120-field_11\">Responsable <span class=\"wpforms-required-label\" aria-hidden=\"true\">*<\/span><\/label><input type=\"text\" id=\"wpforms-15120-field_11\" class=\"wpforms-field-medium wpforms-field-required\" name=\"wpforms[fields][11]\" placeholder=\"Nom\" aria-errormessage=\"wpforms-15120-field_11-error\" required><\/div><div id=\"wpforms-15120-field_19-container\" class=\"wpforms-field wpforms-field-name\" data-field-id=\"19\"><input type=\"text\" id=\"wpforms-15120-field_19\" class=\"wpforms-field-medium wpforms-field-required\" name=\"wpforms[fields][19]\" placeholder=\"Pr\u00e8nom\" aria-errormessage=\"wpforms-15120-field_19-error\" required><\/div><div id=\"wpforms-15120-field_13-container\" class=\"wpforms-field wpforms-field-email\" data-field-id=\"13\"><label class=\"wpforms-field-label\" for=\"wpforms-15120-field_13\">Email <span class=\"wpforms-required-label\" aria-hidden=\"true\">*<\/span><\/label><input type=\"email\" id=\"wpforms-15120-field_13\" class=\"wpforms-field-medium wpforms-field-required\" name=\"wpforms[fields][13]\" spellcheck=\"false\" aria-errormessage=\"wpforms-15120-field_13-error\" required><\/div><\/div><!-- .wpforms-field-container --><div class=\"wpforms-submit-container\" ><input type=\"hidden\" name=\"wpforms[id]\" value=\"15120\"><input type=\"hidden\" name=\"page_title\" value=\"\"><input type=\"hidden\" name=\"page_url\" value=\"https:\/\/directory.digitencia.com\/fr_fr\/wp-json\/wp\/v2\/pages\/15115\"><input type=\"hidden\" name=\"url_referer\" value=\"\"><button type=\"submit\" name=\"wpforms[submit]\" id=\"wpforms-submit-15120\" class=\"wpforms-submit\" data-alt-text=\"Sending...\" data-submit-text=\"Envoy\u00e9 la demande\" aria-live=\"assertive\" value=\"wpforms-submit\">Envoy\u00e9 la demande<\/button><img loading=\"lazy\" decoding=\"async\" src=\"https:\/\/directory.digitencia.com\/wp-content\/plugins\/wpforms-lite\/assets\/images\/submit-spin.svg\" class=\"wpforms-submit-spinner\" style=\"display: none;\" width=\"26\" height=\"26\" alt=\"Chargement en cours\"><\/div><input type=\"hidden\" name=\"trp-form-language\" value=\"fr_fr\"\/><\/form><\/div>  <!-- .wpforms-container -->","protected":false},"excerpt":{"rendered":"Veuillez activer JavaScript dans votre navigateur pour remplir ce formulaire.Veuillez activer JavaScript dans votre navigateur pour remplir ce formulaire.Nom du Restaurant *Ville *T\u00e9l\u00e9phone du RestaurantSp\u00e9cialit\u00e9s *Adresse *Email *R\u00e9seaux sociaux *Adresse (copy) *Responsable *Email *Envoy\u00e9 la demande","protected":false},"author":1,"featured_media":0,"parent":0,"menu_order":0,"comment_status":"closed","ping_status":"closed","template":"","meta":{"footnotes":""},"class_list":["post-15115","page","type-page","status-publish","hentry"],"yoast_head":"<!-- This site is optimized with the Yoast SEO plugin v26.8 - https:\/\/yoast.com\/product\/yoast-seo-wordpress\/ -->\n<title>Ajoutez Votre Restaurant sur Fintakol.ma et Faites-vous D\u00e9couvrir par des Gourmets au Maroc<\/title>\n<meta name=\"description\" content=\"Vous g\u00e9rez un restaurant exceptionnel au Maroc? Faites-le conna\u00eetre \u00e0 une audience affam\u00e9e de d\u00e9couvertes culinaires sur Fintakol.ma!\" \/>\n<meta name=\"robots\" content=\"index, follow, max-snippet:-1, max-image-preview:large, max-video-preview:-1\" \/>\n<link rel=\"canonical\" href=\"https:\/\/directory.digitencia.com\/fr_fr\/ajoutez-votre-restaurant-sur-fintakol-ma\/\" \/>\n<meta property=\"og:locale\" content=\"fr_FR\" \/>\n<meta property=\"og:type\" content=\"article\" \/>\n<meta property=\"og:title\" content=\"Ajoutez Votre Restaurant sur Fintakol.ma et Faites-vous D\u00e9couvrir par des Gourmets au Maroc\" \/>\n<meta property=\"og:description\" content=\"Vous g\u00e9rez un restaurant exceptionnel au Maroc? Faites-le conna\u00eetre \u00e0 une audience affam\u00e9e de d\u00e9couvertes culinaires sur Fintakol.ma!\" \/>\n<meta property=\"og:url\" content=\"https:\/\/directory.digitencia.com\/fr_fr\/ajoutez-votre-restaurant-sur-fintakol-ma\/\" \/>\n<meta property=\"og:site_name\" content=\"Fintakol\" \/>\n<meta property=\"article:publisher\" content=\"https:\/\/web.facebook.com\/people\/Naiily\/100084245676439\/\" \/>\n<meta property=\"article:modified_time\" content=\"2024-03-04T10:40:31+00:00\" \/>\n<meta name=\"twitter:card\" content=\"summary_large_image\" \/>\n<meta name=\"twitter:label1\" content=\"Dur\u00e9e de lecture estim\u00e9e\" \/>\n\t<meta name=\"twitter:data1\" content=\"1 minute\" \/>\n<script type=\"application\/ld+json\" class=\"yoast-schema-graph\">{\"@context\":\"https:\/\/schema.org\",\"@graph\":[{\"@type\":\"WebPage\",\"@id\":\"https:\/\/directory.digitencia.com\/ajoutez-votre-restaurant-sur-fintakol-ma\/\",\"url\":\"https:\/\/directory.digitencia.com\/ajoutez-votre-restaurant-sur-fintakol-ma\/\",\"name\":\"Ajoutez Votre Restaurant sur Fintakol.ma et Faites-vous D\u00e9couvrir par des Gourmets au Maroc\",\"isPartOf\":{\"@id\":\"https:\/\/directory.digitencia.com\/fr\/#website\"},\"datePublished\":\"2024-01-10T12:19:50+00:00\",\"dateModified\":\"2024-03-04T10:40:31+00:00\",\"description\":\"Vous g\u00e9rez un restaurant exceptionnel au Maroc? Faites-le conna\u00eetre \u00e0 une audience affam\u00e9e de d\u00e9couvertes culinaires sur Fintakol.ma!\",\"breadcrumb\":{\"@id\":\"https:\/\/directory.digitencia.com\/ajoutez-votre-restaurant-sur-fintakol-ma\/#breadcrumb\"},\"inLanguage\":\"fr-FR\",\"potentialAction\":[{\"@type\":\"ReadAction\",\"target\":[\"https:\/\/directory.digitencia.com\/ajoutez-votre-restaurant-sur-fintakol-ma\/\"]}]},{\"@type\":\"BreadcrumbList\",\"@id\":\"https:\/\/directory.digitencia.com\/ajoutez-votre-restaurant-sur-fintakol-ma\/#breadcrumb\",\"itemListElement\":[{\"@type\":\"ListItem\",\"position\":1,\"name\":\"Home\",\"item\":\"https:\/\/directory.digitencia.com\/\"},{\"@type\":\"ListItem\",\"position\":2,\"name\":\"Ajoutez votre Restaurant sur Fintakol.ma\"}]},{\"@type\":\"WebSite\",\"@id\":\"https:\/\/directory.digitencia.com\/fr\/#website\",\"url\":\"https:\/\/directory.digitencia.com\/fr\/\",\"name\":\"Fintakol\",\"description\":\"C&#039;est un guide local qui vous permet de trouver et partager les meilleurs restaurant locaux partout au Maroc\",\"publisher\":{\"@id\":\"https:\/\/directory.digitencia.com\/fr\/#organization\"},\"potentialAction\":[{\"@type\":\"SearchAction\",\"target\":{\"@type\":\"EntryPoint\",\"urlTemplate\":\"https:\/\/directory.digitencia.com\/fr\/?s={search_term_string}\"},\"query-input\":{\"@type\":\"PropertyValueSpecification\",\"valueRequired\":true,\"valueName\":\"search_term_string\"}}],\"inLanguage\":\"fr-FR\"},{\"@type\":\"Organization\",\"@id\":\"https:\/\/directory.digitencia.com\/fr\/#organization\",\"name\":\"Fintakol\",\"url\":\"https:\/\/directory.digitencia.com\/fr\/\",\"logo\":{\"@type\":\"ImageObject\",\"inLanguage\":\"fr-FR\",\"@id\":\"https:\/\/directory.digitencia.com\/fr\/#\/schema\/logo\/image\/\",\"url\":\"http:\/\/directory.digitencia.com\/wp-content\/uploads\/2022\/09\/logo.png\",\"contentUrl\":\"http:\/\/directory.digitencia.com\/wp-content\/uploads\/2022\/09\/logo.png\",\"width\":252,\"height\":82,\"caption\":\"Fintakol\"},\"image\":{\"@id\":\"https:\/\/directory.digitencia.com\/fr\/#\/schema\/logo\/image\/\"},\"sameAs\":[\"https:\/\/web.facebook.com\/people\/Naiily\/100084245676439\/\",\"https:\/\/www.instagram.com\/naiily_maroc\/\"]}]}<\/script>\n<!-- \/ Yoast SEO plugin. -->","yoast_head_json":{"title":"Ajoutez Votre Restaurant sur Fintakol.ma et Faites-vous D\u00e9couvrir par des Gourmets au Maroc","description":"Vous g\u00e9rez un restaurant exceptionnel au Maroc? Faites-le conna\u00eetre \u00e0 une audience affam\u00e9e de d\u00e9couvertes culinaires sur Fintakol.ma!","robots":{"index":"index","follow":"follow","max-snippet":"max-snippet:-1","max-image-preview":"max-image-preview:large","max-video-preview":"max-video-preview:-1"},"canonical":"https:\/\/directory.digitencia.com\/fr_fr\/ajoutez-votre-restaurant-sur-fintakol-ma\/","og_locale":"fr_FR","og_type":"article","og_title":"Ajoutez Votre Restaurant sur Fintakol.ma et Faites-vous D\u00e9couvrir par des Gourmets au Maroc","og_description":"Vous g\u00e9rez un restaurant exceptionnel au Maroc? Faites-le conna\u00eetre \u00e0 une audience affam\u00e9e de d\u00e9couvertes culinaires sur Fintakol.ma!","og_url":"https:\/\/directory.digitencia.com\/fr_fr\/ajoutez-votre-restaurant-sur-fintakol-ma\/","og_site_name":"Fintakol","article_publisher":"https:\/\/web.facebook.com\/people\/Naiily\/100084245676439\/","article_modified_time":"2024-03-04T10:40:31+00:00","twitter_card":"summary_large_image","twitter_misc":{"Dur\u00e9e de lecture estim\u00e9e":"1 minute"},"schema":{"@context":"https:\/\/schema.org","@graph":[{"@type":"WebPage","@id":"https:\/\/directory.digitencia.com\/ajoutez-votre-restaurant-sur-fintakol-ma\/","url":"https:\/\/directory.digitencia.com\/ajoutez-votre-restaurant-sur-fintakol-ma\/","name":"Ajoutez Votre Restaurant sur Fintakol.ma et Faites-vous D\u00e9couvrir par des Gourmets au Maroc","isPartOf":{"@id":"https:\/\/directory.digitencia.com\/fr\/#website"},"datePublished":"2024-01-10T12:19:50+00:00","dateModified":"2024-03-04T10:40:31+00:00","description":"Vous g\u00e9rez un restaurant exceptionnel au Maroc? Faites-le conna\u00eetre \u00e0 une audience affam\u00e9e de d\u00e9couvertes culinaires sur Fintakol.ma!","breadcrumb":{"@id":"https:\/\/directory.digitencia.com\/ajoutez-votre-restaurant-sur-fintakol-ma\/#breadcrumb"},"inLanguage":"fr-FR","potentialAction":[{"@type":"ReadAction","target":["https:\/\/directory.digitencia.com\/ajoutez-votre-restaurant-sur-fintakol-ma\/"]}]},{"@type":"BreadcrumbList","@id":"https:\/\/directory.digitencia.com\/ajoutez-votre-restaurant-sur-fintakol-ma\/#breadcrumb","itemListElement":[{"@type":"ListItem","position":1,"name":"Home","item":"https:\/\/directory.digitencia.com\/"},{"@type":"ListItem","position":2,"name":"Ajoutez votre Restaurant sur Fintakol.ma"}]},{"@type":"WebSite","@id":"https:\/\/directory.digitencia.com\/fr\/#website","url":"https:\/\/directory.digitencia.com\/fr\/","name":"Fintakol","description":"C&#039;est un guide local qui vous permet de trouver et partager les meilleurs restaurant locaux partout au Maroc","publisher":{"@id":"https:\/\/directory.digitencia.com\/fr\/#organization"},"potentialAction":[{"@type":"SearchAction","target":{"@type":"EntryPoint","urlTemplate":"https:\/\/directory.digitencia.com\/fr\/?s={search_term_string}"},"query-input":{"@type":"PropertyValueSpecification","valueRequired":true,"valueName":"search_term_string"}}],"inLanguage":"fr-FR"},{"@type":"Organization","@id":"https:\/\/directory.digitencia.com\/fr\/#organization","name":"Fintakol","url":"https:\/\/directory.digitencia.com\/fr\/","logo":{"@type":"ImageObject","inLanguage":"fr-FR","@id":"https:\/\/directory.digitencia.com\/fr\/#\/schema\/logo\/image\/","url":"http:\/\/directory.digitencia.com\/wp-content\/uploads\/2022\/09\/logo.png","contentUrl":"http:\/\/directory.digitencia.com\/wp-content\/uploads\/2022\/09\/logo.png","width":252,"height":82,"caption":"Fintakol"},"image":{"@id":"https:\/\/directory.digitencia.com\/fr\/#\/schema\/logo\/image\/"},"sameAs":["https:\/\/web.facebook.com\/people\/Naiily\/100084245676439\/","https:\/\/www.instagram.com\/naiily_maroc\/"]}]}},"_links":{"self":[{"href":"https:\/\/directory.digitencia.com\/fr_fr\/wp-json\/wp\/v2\/pages\/15115","targetHints":{"allow":["GET"]}}],"collection":[{"href":"https:\/\/directory.digitencia.com\/fr_fr\/wp-json\/wp\/v2\/pages"}],"about":[{"href":"https:\/\/directory.digitencia.com\/fr_fr\/wp-json\/wp\/v2\/types\/page"}],"author":[{"embeddable":true,"href":"https:\/\/directory.digitencia.com\/fr_fr\/wp-json\/wp\/v2\/users\/1"}],"replies":[{"embeddable":true,"href":"https:\/\/directory.digitencia.com\/fr_fr\/wp-json\/wp\/v2\/comments?post=15115"}],"version-history":[{"count":3,"href":"https:\/\/directory.digitencia.com\/fr_fr\/wp-json\/wp\/v2\/pages\/15115\/revisions"}],"predecessor-version":[{"id":15123,"href":"https:\/\/directory.digitencia.com\/fr_fr\/wp-json\/wp\/v2\/pages\/15115\/revisions\/15123"}],"wp:attachment":[{"href":"https:\/\/directory.digitencia.com\/fr_fr\/wp-json\/wp\/v2\/media?parent=15115"}],"curies":[{"name":"wp","href":"https:\/\/api.w.org\/{rel}","templated":true}]}}